{"id":7115,"date":"2021-03-30T20:21:54","date_gmt":"2021-03-30T20:21:54","guid":{"rendered":"http:\/\/perlas.hostiw.net\/en\/?page_id=7115"},"modified":"2021-03-30T20:23:54","modified_gmt":"2021-03-30T20:23:54","slug":"crea-tu-propia-cadena-con-perlas-de-cortez","status":"publish","type":"page","link":"https:\/\/perlas.com.mx\/en\/crea-tu-propia-cadena-con-perlas-de-cortez\/","title":{"rendered":"Crea Tu Propia Cadena Con Perlas de Cortez"},"content":{"rendered":"\t\t<div data-elementor-type=\"wp-page\" data-elementor-id=\"7115\" class=\"elementor elementor-7115\" data-elementor-settings=\"[]\">\n\t\t\t\t\t\t\t<div class=\"elementor-section-wrap\">\n\t\t\t\t\t\t\t<section class=\"elementor-section elementor-top-section elementor-element elementor-element-8f414e2 elementor-section-boxed elementor-section-height-default elementor-section-height-default\" data-id=\"8f414e2\" data-element_type=\"section\">\n\t\t\t\t\t\t<div class=\"elementor-container elementor-column-gap-default\">\n\t\t\t\t\t<div class=\"elementor-column elementor-col-100 elementor-top-column elementor-element elementor-element-5c3e577\" data-id=\"5c3e577\" data-element_type=\"column\">\n\t\t\t<div class=\"elementor-widget-wrap elementor-element-populated\">\n\t\t\t\t\t\t\t\t<div class=\"elementor-element elementor-element-b85314d elementor-widget elementor-widget-heading\" data-id=\"b85314d\" data-element_type=\"widget\" data-widget_type=\"heading.default\">\n\t\t\t\t<div class=\"elementor-widget-container\">\n\t\t\t<h2 class=\"elementor-heading-title elementor-size-default\">Crea Tu Propia Cadena Con Perlas de Cortez<\/h2>\t\t<\/div>\n\t\t\t\t<\/div>\n\t\t\t\t<div class=\"elementor-element elementor-element-80b5d0c elementor-widget elementor-widget-text-editor\" data-id=\"80b5d0c\" data-element_type=\"widget\" data-widget_type=\"text-editor.default\">\n\t\t\t\t<div class=\"elementor-widget-container\">\n\t\t\t\t\t<div class=\"elementor-text-editor elementor-clearfix\"><p style=\"text-align: center;\"><strong>\u00bfQu\u00e9 puede ser mejor que hacer tu propia pieza de joyer\u00eda?<\/strong><\/p><p style=\"text-align: center;\">Aqu\u00ed tenemos una manera incre\u00edble de permitirte crear tu propia Cadena de Oro con una Perla de Cortez. Contamos con una selecci\u00f3n de cadenas de oro amarillo de 14K y 18K que ir\u00e1n a la perfecci\u00f3n con tu perla. Tambien puedes elegir una cadena del largo que m\u00e1s prefieras, 16\u2033 o 18\u2033 (40cm \/ 45cm)<\/p><p style=\"text-align: center;\"><strong>\u00bfC\u00f3mo elegir la perla?<\/strong><\/p><p style=\"text-align: center;\">El gusto personal siempre ganar\u00e1\u2026<\/p><p style=\"text-align: center;\">Hemos preseleccionado estas perlas por su forma y limpieza de superficie. Estas perlas son excelentes candidatas para ser montada en una cadena de oro cl\u00e1sica.\u00a0 La joyer\u00eda cl\u00e1sica es la mejor, puedes usarla todos los d\u00edas\u2026 en cualquier lugar y donde sea, siempre se ver\u00e1 fant\u00e1stica.<\/p><p style=\"text-align: center;\">Aseg\u00farate de seleccionar la calidad de perla y el tama\u00f1o que m\u00e1s te guste con la cadena correcta que deseas: En las opciones ver\u00e1s el grado de perla, la longitud de la cadena y el tipo de oro (14K \u2013 18K \/ EE. UU. \u2013 Alemania)<br \/>Una vez que complete su pedido le contactaremos\u00a0<span data-sanitized-data-mce-fragment=\"1\">por correo o por tel\u00e9fono para re-<\/span>confirmar antes de hacer el env\u00edo.<\/p><p style=\"text-align: center;\"><strong>La joyer\u00eda cl\u00e1sica nunca pierde popularidad.<\/strong><\/p><\/div>\n\t\t\t\t<\/div>\n\t\t\t\t<\/div>\n\t\t\t\t<div class=\"elementor-element elementor-element-965a483 elementor-widget elementor-widget-shortcode\" data-id=\"965a483\" data-element_type=\"widget\" data-widget_type=\"shortcode.default\">\n\t\t\t\t<div class=\"elementor-widget-container\">\n\t\t\t\t\t<div class=\"elementor-shortcode\"><div class=\"woocommerce\"><\/div>\n<\/div>\n\t\t\t\t<\/div>\n\t\t\t\t<\/div>\n\t\t\t\t\t<\/div>\n\t\t<\/div>\n\t\t\t\t\t\t\t<\/div>\n\t\t<\/section>\n\t\t\t\t\t\t<\/div>\n\t\t\t\t\t<\/div>\n\t\t","protected":false},"excerpt":{"rendered":"<p>Crea Tu Propia Cadena Con Perlas de Cortez \u00bfQu\u00e9 puede ser mejor que hacer tu propia pieza de joyer\u00eda? Aqu\u00ed tenemos una manera incre\u00edble de permitirte crear tu propia Cadena de Oro con una Perla de Cortez. Contamos con una selecci\u00f3n de cadenas de oro amarillo de 14K y 18K que ir\u00e1n a la perfecci\u00f3n [&hellip;]<\/p>\n","protected":false},"author":1,"featured_media":0,"parent":0,"menu_order":0,"comment_status":"closed","ping_status":"closed","template":"","meta":{"footnotes":""},"class_list":["post-7115","page","type-page","status-publish","hentry"],"yoast_head":"<!-- This site is optimized with the Yoast SEO plugin v26.0 - https:\/\/yoast.com\/wordpress\/plugins\/seo\/ -->\n<title>Crea Tu Propia Cadena Con Perlas de Cortez - Perlas del Mar de Cortez - INGLES<\/title>\n<meta name=\"robots\" content=\"index, follow, max-snippet:-1, max-image-preview:large, max-video-preview:-1\" \/>\n<link rel=\"canonical\" href=\"https:\/\/perlas.com.mx\/en\/crea-tu-propia-cadena-con-perlas-de-cortez\/\" \/>\n<meta property=\"og:locale\" content=\"en_US\" \/>\n<meta property=\"og:type\" content=\"article\" \/>\n<meta property=\"og:title\" content=\"Crea Tu Propia Cadena Con Perlas de Cortez - Perlas del Mar de Cortez - INGLES\" \/>\n<meta property=\"og:description\" content=\"Crea Tu Propia Cadena Con Perlas de Cortez \u00bfQu\u00e9 puede ser mejor que hacer tu propia pieza de joyer\u00eda? Aqu\u00ed tenemos una manera incre\u00edble de permitirte crear tu propia Cadena de Oro con una Perla de Cortez. Contamos con una selecci\u00f3n de cadenas de oro amarillo de 14K y 18K que ir\u00e1n a la perfecci\u00f3n [&hellip;]\" \/>\n<meta property=\"og:url\" content=\"https:\/\/perlas.com.mx\/en\/crea-tu-propia-cadena-con-perlas-de-cortez\/\" \/>\n<meta property=\"og:site_name\" content=\"Perlas del Mar de Cortez - INGLES\" \/>\n<meta property=\"article:modified_time\" content=\"2021-03-30T20:23:54+00:00\" \/>\n<meta name=\"twitter:card\" content=\"summary_large_image\" \/>\n<meta name=\"twitter:label1\" content=\"Est. reading time\" \/>\n\t<meta name=\"twitter:data1\" content=\"1 minute\" \/>\n<script type=\"application\/ld+json\" class=\"yoast-schema-graph\">{\"@context\":\"https:\/\/schema.org\",\"@graph\":[{\"@type\":\"WebPage\",\"@id\":\"https:\/\/perlas.com.mx\/en\/crea-tu-propia-cadena-con-perlas-de-cortez\/\",\"url\":\"https:\/\/perlas.com.mx\/en\/crea-tu-propia-cadena-con-perlas-de-cortez\/\",\"name\":\"Crea Tu Propia Cadena Con Perlas de Cortez - Perlas del Mar de Cortez - INGLES\",\"isPartOf\":{\"@id\":\"https:\/\/perlas.com.mx\/en\/#website\"},\"datePublished\":\"2021-03-30T20:21:54+00:00\",\"dateModified\":\"2021-03-30T20:23:54+00:00\",\"breadcrumb\":{\"@id\":\"https:\/\/perlas.com.mx\/en\/crea-tu-propia-cadena-con-perlas-de-cortez\/#breadcrumb\"},\"inLanguage\":\"en-US\",\"potentialAction\":[{\"@type\":\"ReadAction\",\"target\":[\"https:\/\/perlas.com.mx\/en\/crea-tu-propia-cadena-con-perlas-de-cortez\/\"]}]},{\"@type\":\"BreadcrumbList\",\"@id\":\"https:\/\/perlas.com.mx\/en\/crea-tu-propia-cadena-con-perlas-de-cortez\/#breadcrumb\",\"itemListElement\":[{\"@type\":\"ListItem\",\"position\":1,\"name\":\"Inicio\",\"item\":\"https:\/\/perlas.com.mx\/en\/\"},{\"@type\":\"ListItem\",\"position\":2,\"name\":\"Crea Tu Propia Cadena Con Perlas de Cortez\"}]},{\"@type\":\"WebSite\",\"@id\":\"https:\/\/perlas.com.mx\/en\/#website\",\"url\":\"https:\/\/perlas.com.mx\/en\/\",\"name\":\"Perlas del Mar de Cortez - INGLES\",\"description\":\"\",\"publisher\":{\"@id\":\"https:\/\/perlas.com.mx\/en\/#organization\"},\"potentialAction\":[{\"@type\":\"SearchAction\",\"target\":{\"@type\":\"EntryPoint\",\"urlTemplate\":\"https:\/\/perlas.com.mx\/en\/?s={search_term_string}\"},\"query-input\":{\"@type\":\"PropertyValueSpecification\",\"valueRequired\":true,\"valueName\":\"search_term_string\"}}],\"inLanguage\":\"en-US\"},{\"@type\":\"Organization\",\"@id\":\"https:\/\/perlas.com.mx\/en\/#organization\",\"name\":\"Perlas del Mar de Cortez - INGLES\",\"url\":\"https:\/\/perlas.com.mx\/en\/\",\"logo\":{\"@type\":\"ImageObject\",\"inLanguage\":\"en-US\",\"@id\":\"https:\/\/perlas.com.mx\/en\/#\/schema\/logo\/image\/\",\"url\":\"https:\/\/perlas.com.mx\/en\/wp-content\/uploads\/sites\/4\/2018\/04\/cropped-Grupo-1703@2x.png\",\"contentUrl\":\"https:\/\/perlas.com.mx\/en\/wp-content\/uploads\/sites\/4\/2018\/04\/cropped-Grupo-1703@2x.png\",\"width\":557,\"height\":170,\"caption\":\"Perlas del Mar de Cortez - INGLES\"},\"image\":{\"@id\":\"https:\/\/perlas.com.mx\/en\/#\/schema\/logo\/image\/\"}}]}<\/script>\n<!-- \/ Yoast SEO plugin. -->","yoast_head_json":{"title":"Crea Tu Propia Cadena Con Perlas de Cortez - Perlas del Mar de Cortez - INGLES","robots":{"index":"index","follow":"follow","max-snippet":"max-snippet:-1","max-image-preview":"max-image-preview:large","max-video-preview":"max-video-preview:-1"},"canonical":"https:\/\/perlas.com.mx\/en\/crea-tu-propia-cadena-con-perlas-de-cortez\/","og_locale":"en_US","og_type":"article","og_title":"Crea Tu Propia Cadena Con Perlas de Cortez - Perlas del Mar de Cortez - INGLES","og_description":"Crea Tu Propia Cadena Con Perlas de Cortez \u00bfQu\u00e9 puede ser mejor que hacer tu propia pieza de joyer\u00eda? Aqu\u00ed tenemos una manera incre\u00edble de permitirte crear tu propia Cadena de Oro con una Perla de Cortez. Contamos con una selecci\u00f3n de cadenas de oro amarillo de 14K y 18K que ir\u00e1n a la perfecci\u00f3n [&hellip;]","og_url":"https:\/\/perlas.com.mx\/en\/crea-tu-propia-cadena-con-perlas-de-cortez\/","og_site_name":"Perlas del Mar de Cortez - INGLES","article_modified_time":"2021-03-30T20:23:54+00:00","twitter_card":"summary_large_image","twitter_misc":{"Est. reading time":"1 minute"},"schema":{"@context":"https:\/\/schema.org","@graph":[{"@type":"WebPage","@id":"https:\/\/perlas.com.mx\/en\/crea-tu-propia-cadena-con-perlas-de-cortez\/","url":"https:\/\/perlas.com.mx\/en\/crea-tu-propia-cadena-con-perlas-de-cortez\/","name":"Crea Tu Propia Cadena Con Perlas de Cortez - Perlas del Mar de Cortez - INGLES","isPartOf":{"@id":"https:\/\/perlas.com.mx\/en\/#website"},"datePublished":"2021-03-30T20:21:54+00:00","dateModified":"2021-03-30T20:23:54+00:00","breadcrumb":{"@id":"https:\/\/perlas.com.mx\/en\/crea-tu-propia-cadena-con-perlas-de-cortez\/#breadcrumb"},"inLanguage":"en-US","potentialAction":[{"@type":"ReadAction","target":["https:\/\/perlas.com.mx\/en\/crea-tu-propia-cadena-con-perlas-de-cortez\/"]}]},{"@type":"BreadcrumbList","@id":"https:\/\/perlas.com.mx\/en\/crea-tu-propia-cadena-con-perlas-de-cortez\/#breadcrumb","itemListElement":[{"@type":"ListItem","position":1,"name":"Inicio","item":"https:\/\/perlas.com.mx\/en\/"},{"@type":"ListItem","position":2,"name":"Crea Tu Propia Cadena Con Perlas de Cortez"}]},{"@type":"WebSite","@id":"https:\/\/perlas.com.mx\/en\/#website","url":"https:\/\/perlas.com.mx\/en\/","name":"Perlas del Mar de Cortez - INGLES","description":"","publisher":{"@id":"https:\/\/perlas.com.mx\/en\/#organization"},"potentialAction":[{"@type":"SearchAction","target":{"@type":"EntryPoint","urlTemplate":"https:\/\/perlas.com.mx\/en\/?s={search_term_string}"},"query-input":{"@type":"PropertyValueSpecification","valueRequired":true,"valueName":"search_term_string"}}],"inLanguage":"en-US"},{"@type":"Organization","@id":"https:\/\/perlas.com.mx\/en\/#organization","name":"Perlas del Mar de Cortez - INGLES","url":"https:\/\/perlas.com.mx\/en\/","logo":{"@type":"ImageObject","inLanguage":"en-US","@id":"https:\/\/perlas.com.mx\/en\/#\/schema\/logo\/image\/","url":"https:\/\/perlas.com.mx\/en\/wp-content\/uploads\/sites\/4\/2018\/04\/cropped-Grupo-1703@2x.png","contentUrl":"https:\/\/perlas.com.mx\/en\/wp-content\/uploads\/sites\/4\/2018\/04\/cropped-Grupo-1703@2x.png","width":557,"height":170,"caption":"Perlas del Mar de Cortez - INGLES"},"image":{"@id":"https:\/\/perlas.com.mx\/en\/#\/schema\/logo\/image\/"}}]}},"_links":{"self":[{"href":"https:\/\/perlas.com.mx\/en\/wp-json\/wp\/v2\/pages\/7115","targetHints":{"allow":["GET"]}}],"collection":[{"href":"https:\/\/perlas.com.mx\/en\/wp-json\/wp\/v2\/pages"}],"about":[{"href":"https:\/\/perlas.com.mx\/en\/wp-json\/wp\/v2\/types\/page"}],"author":[{"embeddable":true,"href":"https:\/\/perlas.com.mx\/en\/wp-json\/wp\/v2\/users\/1"}],"replies":[{"embeddable":true,"href":"https:\/\/perlas.com.mx\/en\/wp-json\/wp\/v2\/comments?post=7115"}],"version-history":[{"count":7,"href":"https:\/\/perlas.com.mx\/en\/wp-json\/wp\/v2\/pages\/7115\/revisions"}],"predecessor-version":[{"id":7122,"href":"https:\/\/perlas.com.mx\/en\/wp-json\/wp\/v2\/pages\/7115\/revisions\/7122"}],"wp:attachment":[{"href":"https:\/\/perlas.com.mx\/en\/wp-json\/wp\/v2\/media?parent=7115"}],"curies":[{"name":"wp","href":"https:\/\/api.w.org\/{rel}","templated":true}]}}