{"id":7154,"date":"2021-04-05T22:14:26","date_gmt":"2021-04-05T22:14:26","guid":{"rendered":"http:\/\/perlas.hostiw.net\/en\/?page_id=7154"},"modified":"2021-04-15T14:21:47","modified_gmt":"2021-04-15T14:21:47","slug":"guera","status":"publish","type":"page","link":"https:\/\/perlas.com.mx\/en\/guera\/","title":{"rendered":"G\u00fcera"},"content":{"rendered":"\t\t<div data-elementor-type=\"wp-post\" data-elementor-id=\"7154\" class=\"elementor elementor-7154\" data-elementor-settings=\"[]\">\n\t\t\t\t\t\t\t<div class=\"elementor-section-wrap\">\n\t\t\t\t\t\t\t<section class=\"elementor-section elementor-top-section elementor-element elementor-element-255a1a3 elementor-section-boxed elementor-section-height-default elementor-section-height-default\" data-id=\"255a1a3\" data-element_type=\"section\">\n\t\t\t\t\t\t<div class=\"elementor-container elementor-column-gap-default\">\n\t\t\t\t\t<div class=\"elementor-column elementor-col-100 elementor-top-column elementor-element elementor-element-e9ac276\" data-id=\"e9ac276\" data-element_type=\"column\">\n\t\t\t<div class=\"elementor-widget-wrap elementor-element-populated\">\n\t\t\t\t\t\t\t\t<div class=\"elementor-element elementor-element-432a51c elementor-widget elementor-widget-tz-breadcrumbs\" data-id=\"432a51c\" data-element_type=\"widget\" data-widget_type=\"tz-breadcrumbs.default\">\n\t\t\t\t<div class=\"elementor-widget-container\">\n\t\t\t\t\t\t<div class=\"elementor-tz-breadcrumbs-wrapper\">\n\t\t\t<nav class=\"nav-crumbs\"  ><span><span><a href=\"https:\/\/perlas.com.mx\/en\/\">Inicio<\/a><\/span><\/span><\/nav>\t\t\t<\/div>\n\t\t\t\t\t<\/div>\n\t\t\t\t<\/div>\n\t\t\t\t\t<\/div>\n\t\t<\/div>\n\t\t\t\t\t\t\t<\/div>\n\t\t<\/section>\n\t\t\t\t<section class=\"elementor-section elementor-top-section elementor-element elementor-element-55d3103 elementor-section-stretched elementor-section-boxed elementor-section-height-default elementor-section-height-default\" data-id=\"55d3103\" data-element_type=\"section\" data-settings=\"{&quot;stretch_section&quot;:&quot;section-stretched&quot;}\">\n\t\t\t\t\t\t<div class=\"elementor-container elementor-column-gap-default\">\n\t\t\t\t\t<div class=\"elementor-column elementor-col-100 elementor-top-column elementor-element elementor-element-f733002\" data-id=\"f733002\" data-element_type=\"column\">\n\t\t\t<div class=\"elementor-widget-wrap elementor-element-populated\">\n\t\t\t\t\t\t\t\t<div class=\"elementor-element elementor-element-a199960 elementor-widget elementor-widget-heading\" data-id=\"a199960\" data-element_type=\"widget\" data-widget_type=\"heading.default\">\n\t\t\t\t<div class=\"elementor-widget-container\">\n\t\t\t<h1 class=\"elementor-heading-title elementor-size-default\">The unknown story of La G\u00fcera Rodr\u00edguez<\/h1>\t\t<\/div>\n\t\t\t\t<\/div>\n\t\t\t\t<section class=\"elementor-section elementor-inner-section elementor-element elementor-element-7f057e6 elementor-section-full_width elementor-section-height-default elementor-section-height-default\" data-id=\"7f057e6\" data-element_type=\"section\">\n\t\t\t\t\t\t<div class=\"elementor-container elementor-column-gap-default\">\n\t\t\t\t\t<div class=\"elementor-column elementor-col-100 elementor-inner-column elementor-element elementor-element-eadef8f\" data-id=\"eadef8f\" data-element_type=\"column\">\n\t\t\t<div class=\"elementor-widget-wrap elementor-element-populated\">\n\t\t\t\t\t\t\t\t<div class=\"elementor-element elementor-element-cfb602b elementor-widget elementor-widget-heading\" data-id=\"cfb602b\" data-element_type=\"widget\" data-widget_type=\"heading.default\">\n\t\t\t\t<div class=\"elementor-widget-container\">\n\t\t\t<h2 class=\"elementor-heading-title elementor-size-default\">Excerpt from Guillermo Barba's book, La Conspiradora, Planeta editorial\n<\/h2>\t\t<\/div>\n\t\t\t\t<\/div>\n\t\t\t\t\t<\/div>\n\t\t<\/div>\n\t\t\t\t\t\t\t<\/div>\n\t\t<\/section>\n\t\t\t\t<section class=\"elementor-section elementor-inner-section elementor-element elementor-element-69c3e91 elementor-section-boxed elementor-section-height-default elementor-section-height-default\" data-id=\"69c3e91\" data-element_type=\"section\">\n\t\t\t\t\t\t<div class=\"elementor-container elementor-column-gap-default\">\n\t\t\t\t\t<div class=\"elementor-column elementor-col-50 elementor-inner-column elementor-element elementor-element-45244d0\" data-id=\"45244d0\" data-element_type=\"column\">\n\t\t\t<div class=\"elementor-widget-wrap elementor-element-populated\">\n\t\t\t\t\t\t\t\t<div class=\"elementor-element elementor-element-99b0373 elementor-widget elementor-widget-image\" data-id=\"99b0373\" data-element_type=\"widget\" data-widget_type=\"image.default\">\n\t\t\t\t<div class=\"elementor-widget-container\">\n\t\t\t\t\t<div class=\"elementor-image\">\n\t\t\t\t\t\t\t\t\t\t<img loading=\"lazy\" decoding=\"async\" width=\"354\" height=\"544\" src=\"https:\/\/perlas.com.mx\/en\/wp-content\/uploads\/sites\/4\/2021\/04\/La-Conspiradora-354x544.png\" class=\"attachment-tz-woo-categories size-tz-woo-categories wp-post-image\" alt=\"\" srcset=\"https:\/\/perlas.com.mx\/en\/wp-content\/uploads\/sites\/4\/2021\/04\/La-Conspiradora-354x544.png 354w, https:\/\/perlas.com.mx\/en\/wp-content\/uploads\/sites\/4\/2021\/04\/La-Conspiradora-195x300.png 195w, https:\/\/perlas.com.mx\/en\/wp-content\/uploads\/sites\/4\/2021\/04\/La-Conspiradora-323x497.png 323w, https:\/\/perlas.com.mx\/en\/wp-content\/uploads\/sites\/4\/2021\/04\/La-Conspiradora-440x677.png 440w, https:\/\/perlas.com.mx\/en\/wp-content\/uploads\/sites\/4\/2021\/04\/La-Conspiradora.png 600w\" sizes=\"auto, (max-width: 354px) 100vw, 354px\" \/>\t\t\t\t\t\t\t\t\t\t\t<\/div>\n\t\t\t\t<\/div>\n\t\t\t\t<\/div>\n\t\t\t\t\t<\/div>\n\t\t<\/div>\n\t\t\t\t<div class=\"elementor-column elementor-col-50 elementor-inner-column elementor-element elementor-element-4688c6d\" data-id=\"4688c6d\" data-element_type=\"column\">\n\t\t\t<div class=\"elementor-widget-wrap elementor-element-populated\">\n\t\t\t\t\t\t\t\t<div class=\"elementor-element elementor-element-474f2fb elementor-widget elementor-widget-text-editor\" data-id=\"474f2fb\" data-element_type=\"widget\" data-widget_type=\"text-editor.default\">\n\t\t\t\t<div class=\"elementor-widget-container\">\n\t\t\t\t\t<div class=\"elementor-text-editor elementor-clearfix\">The pompous ceremony was attended by the best of society wearing their best clothes. Dozens of well-uniformed lackeys carried silverware and the best wine available as nobles and authorities lined up to present themselves with the new rulers. The viceregal couple was at the back of the room: he was in his sixties, slim and grim, and she, although in her thirties, seemed older, since neither her figure nor her clothes were graceful. \n<br><br>\nLa G\u00fcera looked nervously at Dona In\u00e9s as she greeted the ladies and gentlemen, who seemed to compete in flattery and compliments. When his turn came, he noticed a slight error in the lady&#8217;s arrangement and immediately came up with an idea to take advantage of the situation. At the conclusion of the ceremony, he steeled himself and went to her; Taking her hand, she handed her some pearl earrings in the shape of tears that matched a necklace and bracelet, also made of pearls. \n<\/div>\n\t\t\t\t<\/div>\n\t\t\t\t<\/div>\n\t\t\t\t\t<\/div>\n\t\t<\/div>\n\t\t\t\t\t\t\t<\/div>\n\t\t<\/section>\n\t\t\t\t<div class=\"elementor-element elementor-element-b034ee6 elementor-widget elementor-widget-text-editor\" data-id=\"b034ee6\" data-element_type=\"widget\" data-widget_type=\"text-editor.default\">\n\t\t\t\t<div class=\"elementor-widget-container\">\n\t\t\t\t\t<div class=\"elementor-text-editor elementor-clearfix\">&#8220;Your Excellency, do me the honor of wearing these,&#8221; he said respectfully. It is our duty to emulate your taste in dress, but it would not be wise to wear disparate earrings. The viceroy scrutinized her without understanding. With a slight grimace, G\u00fcera suggested that she pay attention to her earrings, so that, putting her hands to her ears, Dona In\u00e9s discovered that she was wearing different earrings. &#8220;Your Excellency wears emeralds on one side and rubies on the other,&#8221; La G\u00fcera mentioned with a friendly smile. &#8220;How distracted!&#8221; He exclaimed, laughing at his carelessness. And you, how considerate to say it; no one had dared. &#8220;They&#8217;re not doing it out of malice, believe me, we&#8217;re used to the most outlandish oddities.&#8221; In addition, wearing pearls will provide you with a better reception in the kingdom. The viceroy asked for an explanation. &#8220;It&#8217;s a very funny story,&#8221; G\u00fcera commented, trying to pique his curiosity, &#8220;that due to the fatigue of the trip, he will surely not be in the mood to listen now.&#8221; &#8220;Nothing,&#8221; the viceroy replied enthusiastically; to mitigate the giddiness of the carriage it is necessary to clear the mind with entertaining stories. Immediately Dona Ines pretended a headache and retired to an adjoining room, making G\u00fcera accompany her; They were followed by Dona Joaquina Aranguren, a companion who did not depart from the viceroy. Once inside, he settled on a stool asking G\u00fcera to take a seat next to him, and observed the pearls with great care. &#8220;What a unique color,&#8221; he exclaimed, bringing them closer to his sight. they have a truly beautiful grayish hue. \u2014They are fished in New Spain, and because of their peculiar color they are very popular in Europe. The story I am about to tell is about them, hoping you find it funny and not irreverent. La G\u00fcera began to narrate the story of Viceroy Branciforte and his wife, who wanted to deceive the Mexican ladies by exchanging corals for pearls: upon their arrival in the capital, they were astonished at the quantity, size and quality of the pearls that the ladies of the high society, since for centuries the best ones could be acquired in New Spain, both the arrivals from Asia in the Nao de China and the very famous ones that were fished in the Sea of \u200b\u200bCortez. Knowing that they used to imitate the dress of the viceroy for being a faithful bearer of the latest fashion in Spain, the Branciforte forged a cunning plan that would allow them to appropriate that treasure.\n<br><br>\nTo celebrate the birthday of the viceroy, they organized a great soiree in the Royal Palace, for which the men wore elegant clothes and the ladies, jeweled and adorned to the maximum, did not hide their anxiety to look at the viceroy&#8217;s clothes. However, the astonishment was general when discovering that although her dress showed certain novelties due to the simplicity of the line, the lady did not wear jewels or precious pearls; their necklaces, bracelets and earrings were made with beautiful but simple Mediterranean corals. Dumbfounded and confused, the ladies listened to the lady comment that pearls had fallen into disuse at the court of Madrid and throughout Europe; In the face of continuous criticism of royalty, they now preferred to look modest but colorful ornaments and corals were highly valued for this, so he recommended that they get rid of their pearls before they lost all value. Faced with this news, many ladies, the most pompous and ignorant, decided to sell off the ones they had or exchange them for Italian corals. The main jewelers of the city, in collusion with the viceroy, acquired them at ridiculous prices and then transferred them to her, receiving a commission for the service. During the talk, between laughter and exclamations of disbelief, the viceroy placed the pearls, looking fascinated in a mirror, and then extracted from her jewelry box a set of emerald necklace and earrings. &#8220;Put these on, I would feel bad leaving you lackluster;&#8221; I am not the Branciforte \u2014he laughed happy at his occurrence.\n<\/div>\n\t\t\t\t<\/div>\n\t\t\t\t<\/div>\n\t\t\t\t<div class=\"elementor-element elementor-element-68e9a7e elementor-widget elementor-widget-image\" data-id=\"68e9a7e\" data-element_type=\"widget\" data-widget_type=\"image.default\">\n\t\t\t\t<div class=\"elementor-widget-container\">\n\t\t\t\t\t<div class=\"elementor-image\">\n\t\t\t\t\t\t\t\t\t\t<img loading=\"lazy\" decoding=\"async\" width=\"1024\" height=\"300\" src=\"https:\/\/perlas.com.mx\/en\/wp-content\/uploads\/sites\/4\/2021\/04\/history-09-1024x300-1.jpg\" class=\"attachment-large size-large wp-post-image\" alt=\"\" srcset=\"https:\/\/perlas.com.mx\/en\/wp-content\/uploads\/sites\/4\/2021\/04\/history-09-1024x300-1.jpg 1024w, https:\/\/perlas.com.mx\/en\/wp-content\/uploads\/sites\/4\/2021\/04\/history-09-1024x300-1-300x88.jpg 300w, https:\/\/perlas.com.mx\/en\/wp-content\/uploads\/sites\/4\/2021\/04\/history-09-1024x300-1-768x225.jpg 768w, https:\/\/perlas.com.mx\/en\/wp-content\/uploads\/sites\/4\/2021\/04\/history-09-1024x300-1-323x95.jpg 323w, https:\/\/perlas.com.mx\/en\/wp-content\/uploads\/sites\/4\/2021\/04\/history-09-1024x300-1-440x129.jpg 440w, https:\/\/perlas.com.mx\/en\/wp-content\/uploads\/sites\/4\/2021\/04\/history-09-1024x300-1-675x198.jpg 675w, https:\/\/perlas.com.mx\/en\/wp-content\/uploads\/sites\/4\/2021\/04\/history-09-1024x300-1-600x176.jpg 600w, https:\/\/perlas.com.mx\/en\/wp-content\/uploads\/sites\/4\/2021\/04\/history-09-1024x300-1-544x159.jpg 544w\" sizes=\"auto, (max-width: 1024px) 100vw, 1024px\" \/>\t\t\t\t\t\t\t\t\t\t\t<\/div>\n\t\t\t\t<\/div>\n\t\t\t\t<\/div>\n\t\t\t\t\t<\/div>\n\t\t<\/div>\n\t\t\t\t\t\t\t<\/div>\n\t\t<\/section>\n\t\t\t\t\t\t<\/div>\n\t\t\t\t\t<\/div>\n\t\t","protected":false},"excerpt":{"rendered":"<p>The unknown story of La G\u00fcera Rodr\u00edguez Excerpt from Guillermo Barba&#8217;s book, La Conspiradora, Planeta editorial The pompous ceremony was attended by the best of society wearing their best clothes. Dozens of well-uniformed lackeys carried silverware and the best wine available as nobles and authorities lined up to present themselves with the new rulers. The [&hellip;]<\/p>\n","protected":false},"author":1,"featured_media":0,"parent":0,"menu_order":0,"comment_status":"closed","ping_status":"closed","template":"","meta":{"footnotes":""},"class_list":["post-7154","page","type-page","status-publish","hentry"],"yoast_head":"<!-- This site is optimized with the Yoast SEO plugin v26.0 - https:\/\/yoast.com\/wordpress\/plugins\/seo\/ -->\n<title>G\u00fcera - Perlas del Mar de Cortez - INGLES<\/title>\n<meta name=\"robots\" content=\"index, follow, max-snippet:-1, max-image-preview:large, max-video-preview:-1\" \/>\n<link rel=\"canonical\" href=\"https:\/\/perlas.com.mx\/en\/guera\/\" \/>\n<meta property=\"og:locale\" content=\"en_US\" \/>\n<meta property=\"og:type\" content=\"article\" \/>\n<meta property=\"og:title\" content=\"G\u00fcera - Perlas del Mar de Cortez - INGLES\" \/>\n<meta property=\"og:description\" content=\"The unknown story of La G\u00fcera Rodr\u00edguez Excerpt from Guillermo Barba&#8217;s book, La Conspiradora, Planeta editorial The pompous ceremony was attended by the best of society wearing their best clothes. Dozens of well-uniformed lackeys carried silverware and the best wine available as nobles and authorities lined up to present themselves with the new rulers. The [&hellip;]\" \/>\n<meta property=\"og:url\" content=\"https:\/\/perlas.com.mx\/en\/guera\/\" \/>\n<meta property=\"og:site_name\" content=\"Perlas del Mar de Cortez - INGLES\" \/>\n<meta property=\"article:modified_time\" content=\"2021-04-15T14:21:47+00:00\" \/>\n<meta property=\"og:image\" content=\"http:\/\/perlas.hostiw.net\/en\/wp-content\/uploads\/sites\/4\/2021\/04\/La-Conspiradora-354x544.png\" \/>\n<meta name=\"twitter:card\" content=\"summary_large_image\" \/>\n<meta name=\"twitter:label1\" content=\"Est. reading time\" \/>\n\t<meta name=\"twitter:data1\" content=\"4 minutes\" \/>\n<script type=\"application\/ld+json\" class=\"yoast-schema-graph\">{\"@context\":\"https:\/\/schema.org\",\"@graph\":[{\"@type\":\"WebPage\",\"@id\":\"https:\/\/perlas.com.mx\/en\/guera\/\",\"url\":\"https:\/\/perlas.com.mx\/en\/guera\/\",\"name\":\"G\u00fcera - Perlas del Mar de Cortez - INGLES\",\"isPartOf\":{\"@id\":\"https:\/\/perlas.com.mx\/en\/#website\"},\"primaryImageOfPage\":{\"@id\":\"https:\/\/perlas.com.mx\/en\/guera\/#primaryimage\"},\"image\":{\"@id\":\"https:\/\/perlas.com.mx\/en\/guera\/#primaryimage\"},\"thumbnailUrl\":\"http:\/\/perlas.hostiw.net\/en\/wp-content\/uploads\/sites\/4\/2021\/04\/La-Conspiradora-354x544.png\",\"datePublished\":\"2021-04-05T22:14:26+00:00\",\"dateModified\":\"2021-04-15T14:21:47+00:00\",\"breadcrumb\":{\"@id\":\"https:\/\/perlas.com.mx\/en\/guera\/#breadcrumb\"},\"inLanguage\":\"en-US\",\"potentialAction\":[{\"@type\":\"ReadAction\",\"target\":[\"https:\/\/perlas.com.mx\/en\/guera\/\"]}]},{\"@type\":\"ImageObject\",\"inLanguage\":\"en-US\",\"@id\":\"https:\/\/perlas.com.mx\/en\/guera\/#primaryimage\",\"url\":\"http:\/\/perlas.hostiw.net\/en\/wp-content\/uploads\/sites\/4\/2021\/04\/La-Conspiradora-354x544.png\",\"contentUrl\":\"http:\/\/perlas.hostiw.net\/en\/wp-content\/uploads\/sites\/4\/2021\/04\/La-Conspiradora-354x544.png\"},{\"@type\":\"BreadcrumbList\",\"@id\":\"https:\/\/perlas.com.mx\/en\/guera\/#breadcrumb\",\"itemListElement\":[{\"@type\":\"ListItem\",\"position\":1,\"name\":\"Inicio\",\"item\":\"https:\/\/perlas.com.mx\/en\/\"},{\"@type\":\"ListItem\",\"position\":2,\"name\":\"G\u00fcera\"}]},{\"@type\":\"WebSite\",\"@id\":\"https:\/\/perlas.com.mx\/en\/#website\",\"url\":\"https:\/\/perlas.com.mx\/en\/\",\"name\":\"Perlas del Mar de Cortez - INGLES\",\"description\":\"\",\"publisher\":{\"@id\":\"https:\/\/perlas.com.mx\/en\/#organization\"},\"potentialAction\":[{\"@type\":\"SearchAction\",\"target\":{\"@type\":\"EntryPoint\",\"urlTemplate\":\"https:\/\/perlas.com.mx\/en\/?s={search_term_string}\"},\"query-input\":{\"@type\":\"PropertyValueSpecification\",\"valueRequired\":true,\"valueName\":\"search_term_string\"}}],\"inLanguage\":\"en-US\"},{\"@type\":\"Organization\",\"@id\":\"https:\/\/perlas.com.mx\/en\/#organization\",\"name\":\"Perlas del Mar de Cortez - INGLES\",\"url\":\"https:\/\/perlas.com.mx\/en\/\",\"logo\":{\"@type\":\"ImageObject\",\"inLanguage\":\"en-US\",\"@id\":\"https:\/\/perlas.com.mx\/en\/#\/schema\/logo\/image\/\",\"url\":\"https:\/\/perlas.com.mx\/en\/wp-content\/uploads\/sites\/4\/2018\/04\/cropped-Grupo-1703@2x.png\",\"contentUrl\":\"https:\/\/perlas.com.mx\/en\/wp-content\/uploads\/sites\/4\/2018\/04\/cropped-Grupo-1703@2x.png\",\"width\":557,\"height\":170,\"caption\":\"Perlas del Mar de Cortez - INGLES\"},\"image\":{\"@id\":\"https:\/\/perlas.com.mx\/en\/#\/schema\/logo\/image\/\"}}]}<\/script>\n<!-- \/ Yoast SEO plugin. -->","yoast_head_json":{"title":"G\u00fcera - Perlas del Mar de Cortez - INGLES","robots":{"index":"index","follow":"follow","max-snippet":"max-snippet:-1","max-image-preview":"max-image-preview:large","max-video-preview":"max-video-preview:-1"},"canonical":"https:\/\/perlas.com.mx\/en\/guera\/","og_locale":"en_US","og_type":"article","og_title":"G\u00fcera - Perlas del Mar de Cortez - INGLES","og_description":"The unknown story of La G\u00fcera Rodr\u00edguez Excerpt from Guillermo Barba&#8217;s book, La Conspiradora, Planeta editorial The pompous ceremony was attended by the best of society wearing their best clothes. Dozens of well-uniformed lackeys carried silverware and the best wine available as nobles and authorities lined up to present themselves with the new rulers. The [&hellip;]","og_url":"https:\/\/perlas.com.mx\/en\/guera\/","og_site_name":"Perlas del Mar de Cortez - INGLES","article_modified_time":"2021-04-15T14:21:47+00:00","og_image":[{"url":"http:\/\/perlas.hostiw.net\/en\/wp-content\/uploads\/sites\/4\/2021\/04\/La-Conspiradora-354x544.png","type":"","width":"","height":""}],"twitter_card":"summary_large_image","twitter_misc":{"Est. reading time":"4 minutes"},"schema":{"@context":"https:\/\/schema.org","@graph":[{"@type":"WebPage","@id":"https:\/\/perlas.com.mx\/en\/guera\/","url":"https:\/\/perlas.com.mx\/en\/guera\/","name":"G\u00fcera - Perlas del Mar de Cortez - INGLES","isPartOf":{"@id":"https:\/\/perlas.com.mx\/en\/#website"},"primaryImageOfPage":{"@id":"https:\/\/perlas.com.mx\/en\/guera\/#primaryimage"},"image":{"@id":"https:\/\/perlas.com.mx\/en\/guera\/#primaryimage"},"thumbnailUrl":"http:\/\/perlas.hostiw.net\/en\/wp-content\/uploads\/sites\/4\/2021\/04\/La-Conspiradora-354x544.png","datePublished":"2021-04-05T22:14:26+00:00","dateModified":"2021-04-15T14:21:47+00:00","breadcrumb":{"@id":"https:\/\/perlas.com.mx\/en\/guera\/#breadcrumb"},"inLanguage":"en-US","potentialAction":[{"@type":"ReadAction","target":["https:\/\/perlas.com.mx\/en\/guera\/"]}]},{"@type":"ImageObject","inLanguage":"en-US","@id":"https:\/\/perlas.com.mx\/en\/guera\/#primaryimage","url":"http:\/\/perlas.hostiw.net\/en\/wp-content\/uploads\/sites\/4\/2021\/04\/La-Conspiradora-354x544.png","contentUrl":"http:\/\/perlas.hostiw.net\/en\/wp-content\/uploads\/sites\/4\/2021\/04\/La-Conspiradora-354x544.png"},{"@type":"BreadcrumbList","@id":"https:\/\/perlas.com.mx\/en\/guera\/#breadcrumb","itemListElement":[{"@type":"ListItem","position":1,"name":"Inicio","item":"https:\/\/perlas.com.mx\/en\/"},{"@type":"ListItem","position":2,"name":"G\u00fcera"}]},{"@type":"WebSite","@id":"https:\/\/perlas.com.mx\/en\/#website","url":"https:\/\/perlas.com.mx\/en\/","name":"Perlas del Mar de Cortez - INGLES","description":"","publisher":{"@id":"https:\/\/perlas.com.mx\/en\/#organization"},"potentialAction":[{"@type":"SearchAction","target":{"@type":"EntryPoint","urlTemplate":"https:\/\/perlas.com.mx\/en\/?s={search_term_string}"},"query-input":{"@type":"PropertyValueSpecification","valueRequired":true,"valueName":"search_term_string"}}],"inLanguage":"en-US"},{"@type":"Organization","@id":"https:\/\/perlas.com.mx\/en\/#organization","name":"Perlas del Mar de Cortez - INGLES","url":"https:\/\/perlas.com.mx\/en\/","logo":{"@type":"ImageObject","inLanguage":"en-US","@id":"https:\/\/perlas.com.mx\/en\/#\/schema\/logo\/image\/","url":"https:\/\/perlas.com.mx\/en\/wp-content\/uploads\/sites\/4\/2018\/04\/cropped-Grupo-1703@2x.png","contentUrl":"https:\/\/perlas.com.mx\/en\/wp-content\/uploads\/sites\/4\/2018\/04\/cropped-Grupo-1703@2x.png","width":557,"height":170,"caption":"Perlas del Mar de Cortez - INGLES"},"image":{"@id":"https:\/\/perlas.com.mx\/en\/#\/schema\/logo\/image\/"}}]}},"_links":{"self":[{"href":"https:\/\/perlas.com.mx\/en\/wp-json\/wp\/v2\/pages\/7154","targetHints":{"allow":["GET"]}}],"collection":[{"href":"https:\/\/perlas.com.mx\/en\/wp-json\/wp\/v2\/pages"}],"about":[{"href":"https:\/\/perlas.com.mx\/en\/wp-json\/wp\/v2\/types\/page"}],"author":[{"embeddable":true,"href":"https:\/\/perlas.com.mx\/en\/wp-json\/wp\/v2\/users\/1"}],"replies":[{"embeddable":true,"href":"https:\/\/perlas.com.mx\/en\/wp-json\/wp\/v2\/comments?post=7154"}],"version-history":[{"count":10,"href":"https:\/\/perlas.com.mx\/en\/wp-json\/wp\/v2\/pages\/7154\/revisions"}],"predecessor-version":[{"id":7380,"href":"https:\/\/perlas.com.mx\/en\/wp-json\/wp\/v2\/pages\/7154\/revisions\/7380"}],"wp:attachment":[{"href":"https:\/\/perlas.com.mx\/en\/wp-json\/wp\/v2\/media?parent=7154"}],"curies":[{"name":"wp","href":"https:\/\/api.w.org\/{rel}","templated":true}]}}